{"id":190,"date":"2015-04-25T17:01:51","date_gmt":"2015-04-25T15:01:51","guid":{"rendered":"http:\/\/www.gallericitron.se\/?page_id=190"},"modified":"2023-03-14T14:04:13","modified_gmt":"2023-03-14T13:04:13","slug":"lankar","status":"publish","type":"page","link":"https:\/\/www.gallericitron.se\/?page_id=190","title":{"rendered":"L\u00e4nkar"},"content":{"rendered":"<p><strong>Alla l\u00e4nkar \u00f6ppnas i nya f\u00f6nster<\/strong><\/p>\n<p><a href=\"https:\/\/www.sheldrickwildlifetrust.org\/\" target=\"_blank\" rel=\"noopener\">David Sheldrick i Kenya<\/a><\/p>\n<p><a href=\"https:\/\/www.freethewild.org\/\">Free the Wild\u00a0<\/a><\/p>\n<p><a href=\"http:\/\/elephantopia.org\/tag\/zambia\/\" target=\"_blank\" rel=\"noopener\">Elephantopia i Zambia<\/a><\/p>\n<p><a href=\"http:\/\/wildlifesos.org\/\" target=\"_blank\" rel=\"noopener\">Wildlife sos i Indien\/ USA<\/a><\/p>\n<p>&nbsp;<\/p>\n<p>&nbsp;<\/p>\n<p>&nbsp;<\/p>\n<p>&nbsp;<\/p>\n","protected":false},"excerpt":{"rendered":"<p>Alla l\u00e4nkar \u00f6ppnas i nya f\u00f6nster David Sheldrick i Kenya Free the Wild\u00a0 Elephantopia i Zambia Wildlife sos i Indien\/ USA &nbsp; &nbsp; &nbsp; &nbsp;<\/p>\n","protected":false},"author":1,"featured_media":0,"parent":0,"menu_order":100,"comment_status":"closed","ping_status":"closed","template":"","meta":{"footnotes":""},"class_list":["post-190","page","type-page","status-publish","hentry","column","threecol"],"_links":{"self":[{"href":"https:\/\/www.gallericitron.se\/index.php?rest_route=\/wp\/v2\/pages\/190"}],"collection":[{"href":"https:\/\/www.gallericitron.se\/index.php?rest_route=\/wp\/v2\/pages"}],"about":[{"href":"https:\/\/www.gallericitron.se\/index.php?rest_route=\/wp\/v2\/types\/page"}],"author":[{"embeddable":true,"href":"https:\/\/www.gallericitron.se\/index.php?rest_route=\/wp\/v2\/users\/1"}],"replies":[{"embeddable":true,"href":"https:\/\/www.gallericitron.se\/index.php?rest_route=%2Fwp%2Fv2%2Fcomments&post=190"}],"version-history":[{"count":17,"href":"https:\/\/www.gallericitron.se\/index.php?rest_route=\/wp\/v2\/pages\/190\/revisions"}],"predecessor-version":[{"id":1077,"href":"https:\/\/www.gallericitron.se\/index.php?rest_route=\/wp\/v2\/pages\/190\/revisions\/1077"}],"wp:attachment":[{"href":"https:\/\/www.gallericitron.se\/index.php?rest_route=%2Fwp%2Fv2%2Fmedia&parent=190"}],"curies":[{"name":"wp","href":"https:\/\/api.w.org\/{rel}","templated":true}]}}