{"id":199,"date":"2015-04-25T17:24:44","date_gmt":"2015-04-25T15:24:44","guid":{"rendered":"http:\/\/www.gallericitron.se\/?page_id=199"},"modified":"2022-12-07T07:17:13","modified_gmt":"2022-12-07T06:17:13","slug":"kontakt","status":"publish","type":"page","link":"https:\/\/www.gallericitron.se\/?page_id=199","title":{"rendered":"Kontakt"},"content":{"rendered":"<p><a href=\"http:\/\/www.gallericitron.se\/wp-content\/uploads\/2017\/05\/IMG_6522.jpg\"><img loading=\"lazy\" decoding=\"async\" class=\"alignnone size-thumbnail wp-image-817\" src=\"http:\/\/www.gallericitron.se\/wp-content\/uploads\/2017\/05\/IMG_6522-150x150.jpg\" alt=\"\" width=\"150\" height=\"150\" srcset=\"https:\/\/www.gallericitron.se\/wp-content\/uploads\/2017\/05\/IMG_6522-150x150.jpg 150w, https:\/\/www.gallericitron.se\/wp-content\/uploads\/2017\/05\/IMG_6522-300x300.jpg 300w, https:\/\/www.gallericitron.se\/wp-content\/uploads\/2017\/05\/IMG_6522-332x332.jpg 332w, https:\/\/www.gallericitron.se\/wp-content\/uploads\/2017\/05\/IMG_6522-432x432.jpg 432w, https:\/\/www.gallericitron.se\/wp-content\/uploads\/2017\/05\/IMG_6522-268x268.jpg 268w, https:\/\/www.gallericitron.se\/wp-content\/uploads\/2017\/05\/IMG_6522.jpg 640w\" sizes=\"(max-width: 150px) 100vw, 150px\" \/><\/a><\/p>\n<p>Jag pendlar mellan Huddinge, s\u00f6der om Stockholm och Lund. Ni hittar mig p\u00e5 b\u00e5da st\u00e4llena under \u00e5ret.<\/p>\n<p>Ring f\u00f6r adress om ni \u00f6nskar bes\u00f6ka mig 070-7720129 eller best\u00e4lla planscher, tavlor.<\/p>\n<p>&nbsp;<\/p>\n<p>Kontaktinformation<br \/>\nTelefon: +47 (0)70-772 01 29<br \/>\nMail: charlotta(a)gallericitron.se<br \/>\nbyt ut (a) mot @,\u00a0change (a) to @<\/p>\n","protected":false},"excerpt":{"rendered":"<p>Jag pendlar mellan Huddinge, s\u00f6der om Stockholm och Lund. Ni hittar mig p\u00e5 b\u00e5da st\u00e4llena under \u00e5ret. Ring f\u00f6r adress om ni \u00f6nskar bes\u00f6ka mig 070-7720129 eller best\u00e4lla planscher, tavlor. &nbsp; Kontaktinformation Telefon: +47 (0)70-772 01 29 Mail: charlotta(a)gallericitron.se byt ut (a) mot @,\u00a0change (a) to @<\/p>\n","protected":false},"author":1,"featured_media":0,"parent":0,"menu_order":0,"comment_status":"closed","ping_status":"open","template":"","meta":{"footnotes":""},"class_list":["post-199","page","type-page","status-publish","hentry","column","threecol"],"_links":{"self":[{"href":"https:\/\/www.gallericitron.se\/index.php?rest_route=\/wp\/v2\/pages\/199"}],"collection":[{"href":"https:\/\/www.gallericitron.se\/index.php?rest_route=\/wp\/v2\/pages"}],"about":[{"href":"https:\/\/www.gallericitron.se\/index.php?rest_route=\/wp\/v2\/types\/page"}],"author":[{"embeddable":true,"href":"https:\/\/www.gallericitron.se\/index.php?rest_route=\/wp\/v2\/users\/1"}],"replies":[{"embeddable":true,"href":"https:\/\/www.gallericitron.se\/index.php?rest_route=%2Fwp%2Fv2%2Fcomments&post=199"}],"version-history":[{"count":12,"href":"https:\/\/www.gallericitron.se\/index.php?rest_route=\/wp\/v2\/pages\/199\/revisions"}],"predecessor-version":[{"id":927,"href":"https:\/\/www.gallericitron.se\/index.php?rest_route=\/wp\/v2\/pages\/199\/revisions\/927"}],"wp:attachment":[{"href":"https:\/\/www.gallericitron.se\/index.php?rest_route=%2Fwp%2Fv2%2Fmedia&parent=199"}],"curies":[{"name":"wp","href":"https:\/\/api.w.org\/{rel}","templated":true}]}}