{"id":475,"date":"2016-06-17T09:51:48","date_gmt":"2016-06-17T07:51:48","guid":{"rendered":"http:\/\/www.gallericitron.se\/?page_id=475"},"modified":"2023-04-19T07:41:01","modified_gmt":"2023-04-19T05:41:01","slug":"elephantproject","status":"publish","type":"page","link":"https:\/\/www.gallericitron.se\/?page_id=475","title":{"rendered":"Elephantproject"},"content":{"rendered":"<h3><em><strong>\u201cBe The Change You Wish To See In The World\u201d<\/strong>\u00a0<\/em><\/h3>\n<h3>&#8211; Mahatma Gandhi<\/h3>\n<p>Under v\u00e5ren 2018 bes\u00f6kte familjen Kenya, vi bes\u00f6kte bland annat barnhemmet i Nairobi, David Sheldrick wildlife foundation, (DSWT) i Nairobi f\u00f6r f\u00f6r\u00e4ldral\u00f6sa elefantbebisar. Alla pengar g\u00e5r till arbete i Afrika och Asien f\u00f6r att bevara elefanten fr\u00e5n utrotning i det vilda samt till v\u00e4rdigt liv utan exploatering och f\u00e5ngenskap.<\/p>\n<p>https:\/\/www.facebook.com\/ElephantVoices\/videos\/10156374929516061\/<\/p>\n<p><a href=\"http:\/\/www.gallericitron.se\/wp-content\/uploads\/2016\/06\/FullSizeRender-1.jpg\"><img loading=\"lazy\" decoding=\"async\" class=\"alignnone size-medium wp-image-731\" src=\"http:\/\/www.gallericitron.se\/wp-content\/uploads\/2016\/06\/FullSizeRender-1-293x300.jpg\" alt=\"\" width=\"293\" height=\"300\" srcset=\"https:\/\/www.gallericitron.se\/wp-content\/uploads\/2016\/06\/FullSizeRender-1-293x300.jpg 293w, https:\/\/www.gallericitron.se\/wp-content\/uploads\/2016\/06\/FullSizeRender-1-332x341.jpg 332w, https:\/\/www.gallericitron.se\/wp-content\/uploads\/2016\/06\/FullSizeRender-1.jpg 624w\" sizes=\"(max-width: 293px) 100vw, 293px\" \/><\/a>\u00a0 Planscherna \u00e4r i storlek 40 x 30 centimeter.<\/p>\n<p>Elephant project st\u00f6djer bevarandet av vilda elefanter i Afrika och Indien. Planscherna kostar 200 kr styck, varav 100 kr g\u00e5r direkt till olika projekt. Skrolla ner f\u00f6r info.<\/p>\n<p>Den svart\/vita planschen \u00e4r ritad av Fabian Starck f\u00f6dd 2001.<\/p>\n<p><img loading=\"lazy\" decoding=\"async\" class=\"alignnone wp-image-489 size-medium\" src=\"http:\/\/www.gallericitron.se\/wp-content\/uploads\/2016\/06\/Elephantproject-21-212x300.jpg\" alt=\"Elephantproject 2\" width=\"212\" height=\"300\" srcset=\"https:\/\/www.gallericitron.se\/wp-content\/uploads\/2016\/06\/Elephantproject-21-212x300.jpg 212w, https:\/\/www.gallericitron.se\/wp-content\/uploads\/2016\/06\/Elephantproject-21-332x471.jpg 332w, https:\/\/www.gallericitron.se\/wp-content\/uploads\/2016\/06\/Elephantproject-21.jpg 479w\" sizes=\"(max-width: 212px) 100vw, 212px\" \/><\/p>\n<p>The posters are the standard size 40 x 30 cm and printed on matte paper. Price is 200 Swedish kronor (20 USD) each if you buy directly from us. 100 Swedish kronor\/ poster goes to Elephantproject.<\/p>\n<p>Elephantproject is a collaboration between me, Charlotta Fellert Juborg and my son, Fabian Starck, born 2001. The gain on the posters goes to various projects in Africa and India to encounter the work of preserving the elephant.<\/p>\n<p><strong>The elephant is an endangered species beacause of the ivory trade in Africa.<\/strong><\/p>\n<p>Gallery Citron\/ Elephantproject support <a href=\"https:\/\/www.sheldrickwildlifetrust.org\/\">the David Sheldrick wildlife<\/a> trust in Kenya, <a href=\"https:\/\/www.onegreenplanet.org\/author\/elizabeth_chitwood\">Elephantopia<\/a> in Zambia and <a href=\"http:\/\/wildlifesos.org\/\">Wildlife<\/a> S.O.S in India. All these organisations works to help to preserve and rehabilitate elephants in need.\u00a0<a href=\"http:\/\/www.gallericitron.se\/wp-content\/uploads\/2016\/06\/IMG_3317-225x300.jpg\"><img loading=\"lazy\" decoding=\"async\" class=\"size-medium wp-image-733 alignright\" src=\"http:\/\/www.gallericitron.se\/wp-content\/uploads\/2016\/06\/IMG_3317-225x300-225x300.jpg\" alt=\"\" width=\"225\" height=\"300\" \/><\/a><\/p>\n<p><strong>Please consider to support Elephantproject or any organization that work to protect this majestic animals. Imagine a world without them &#8211; it is impossible.<\/strong><\/p>\n<p>Planscherna \u00e4r i standard storlek 40 x 30 cm och tryckta i mattpapper. De kostar 200 kr styck om ni k\u00f6per direkt fr\u00e5n oss. 100 kr\/plansch g\u00e5r till Elephantproject.\u00a0Vinsten p\u00e5 planscherna g\u00e5r till olika projekt i Indien och i Afrika f\u00f6r att st\u00f6ta arbetet med att bevara elefanten i det vilda.<\/p>\n<p>Det d\u00f6das en elefant var 15 minut dygnet runt i Afrika f\u00f6r sina betar skull. Samtidigt importerar l\u00e4nder som USA och Kina vilda afrikanska elefanter f\u00f6r att visa upp dem p\u00e5 zoo och cirkus eller p\u00e5 annat s\u00e4tt anv\u00e4ndas inom turism n\u00e4ringen.<\/p>\n<p>G\u00f6r vi inget nu har vi inga fritt levande elefanter kvar i Afrika om 10 \u00e5r, den \u00e4r utrotningshotad.<\/p>\n<p>I Indien tillf\u00e5ngatas elefantungar fr\u00e5n sina mammor f\u00f6r att tj\u00e4na turister, cirkus, zoo och tempel. De lever under pl\u00e5gsamma f\u00f6rh\u00e5llanden. Rid aldrig p\u00e5 elefanter i Asien eller ta selfies med dem. D\u00e5 bidrar du till att elefanten f\u00f6rsvinner i det vilda och till det pl\u00e5gsamma liv de f\u00e5r i f\u00e5ngenskap. De lever under tortyr liknande former, fastkedjade.<\/p>\n<p>Vi samarbetar tillsammans med <a href=\"http:\/\/wildlifesos.org\/blog\/rhealifesofar\/\" target=\"_blank\" rel=\"noopener\">Wildlife S.O. S <\/a>i Indien som hj\u00e4lper och rehabiliterar elefanter. Wildlife S.O. S tar hand om dem och ger dem ett nytt hem d\u00e4r de f\u00e5r leva s\u00e5 fritt det g\u00e5r som elefant med tillg\u00e5ng till bad, andra elefanter, veterin\u00e4rv\u00e5rd och r\u00e4tt f\u00f6da och stora ytor att r\u00f6ra sig p\u00e5.<\/p>\n<p>I Kenya st\u00f6ttar vi <a href=\"https:\/\/www.sheldrickwildlifetrust.org\/\" target=\"_blank\" rel=\"noopener\">David Sheldrick Wildlife Trust<\/a>, som tar hand om f\u00f6r\u00e4ldral\u00f6sa elefanter. Ungarna har fallit offer f\u00f6r den p\u00e5g\u00e5ende eskalerande tjuvjakten. Mammorna och hela flockar d\u00f6das brutalt f\u00f6r sina betar. Kvar blir de f\u00f6rsvarsl\u00f6sa ungarna. P\u00e5 DSWT finns ett barnhem d\u00e4r de idag har upp\u00e5t 100 f\u00f6r\u00e4ldral\u00f6sa elefantbebisar som de tar hand om. M\u00e5let \u00e4r att f\u00e5 ut dem i det vilda livet igen som vuxna vilket tar cirka 10 \u00e5r.<\/p>\n<p>I Zambia st\u00f6ttar vi<a href=\"http:\/\/elephantopia.org\/\" target=\"_blank\" rel=\"noopener\"> Elephantopia <\/a>som ocks\u00e5 \u00e4r ett barnhem f\u00f6r f\u00f6r\u00e4ldral\u00f6sa elefanter som fallit offer f\u00f6r tjuvjakt.<\/p>\n<p>I England st\u00f6djer vi<a href=\"https:\/\/www.freethewild.org\/\"> Free the wild<\/a> som arbetar aktivt f\u00f6r att hj\u00e4lpa djur i f\u00e5ngenskap. Bland annat var de engagerade i att flytta elefanten Kaavan fr\u00e5n Islamabads zoo 2020 till Kambodja. D\u00e4r han idag lever ett lyckligt fritt elefantliv. Se hemsidan f\u00f6r hans historia.<\/p>\n<p>Vid k\u00f6p av plansch g\u00e5r 50% till arbetet att bevara elefanten.<\/p>\n<p>&nbsp;<\/p>\n","protected":false},"excerpt":{"rendered":"<p>\u201cBe The Change You Wish To See In The World\u201d\u00a0 &#8211; Mahatma Gandhi Under v\u00e5ren 2018 bes\u00f6kte familjen Kenya, vi bes\u00f6kte bland annat barnhemmet i Nairobi, David Sheldrick wildlife foundation, (DSWT) i Nairobi f\u00f6r f\u00f6r\u00e4ldral\u00f6sa elefantbebisar. Alla pengar g\u00e5r till arbete i Afrika och Asien f\u00f6r att bevara elefanten fr\u00e5n &#8230;<\/p>\n","protected":false},"author":2,"featured_media":0,"parent":465,"menu_order":0,"comment_status":"closed","ping_status":"open","template":"","meta":{"footnotes":""},"class_list":["post-475","page","type-page","status-publish","hentry","column","threecol"],"_links":{"self":[{"href":"https:\/\/www.gallericitron.se\/index.php?rest_route=\/wp\/v2\/pages\/475"}],"collection":[{"href":"https:\/\/www.gallericitron.se\/index.php?rest_route=\/wp\/v2\/pages"}],"about":[{"href":"https:\/\/www.gallericitron.se\/index.php?rest_route=\/wp\/v2\/types\/page"}],"author":[{"embeddable":true,"href":"https:\/\/www.gallericitron.se\/index.php?rest_route=\/wp\/v2\/users\/2"}],"replies":[{"embeddable":true,"href":"https:\/\/www.gallericitron.se\/index.php?rest_route=%2Fwp%2Fv2%2Fcomments&post=475"}],"version-history":[{"count":29,"href":"https:\/\/www.gallericitron.se\/index.php?rest_route=\/wp\/v2\/pages\/475\/revisions"}],"predecessor-version":[{"id":1094,"href":"https:\/\/www.gallericitron.se\/index.php?rest_route=\/wp\/v2\/pages\/475\/revisions\/1094"}],"up":[{"embeddable":true,"href":"https:\/\/www.gallericitron.se\/index.php?rest_route=\/wp\/v2\/pages\/465"}],"wp:attachment":[{"href":"https:\/\/www.gallericitron.se\/index.php?rest_route=%2Fwp%2Fv2%2Fmedia&parent=475"}],"curies":[{"name":"wp","href":"https:\/\/api.w.org\/{rel}","templated":true}]}}